{"id":290,"date":"2023-01-26T17:36:05","date_gmt":"2023-01-26T15:36:05","guid":{"rendered":"https:\/\/www.levenet.com\/taller-de-reparacio\/?page_id=290"},"modified":"2023-02-24T12:21:45","modified_gmt":"2023-02-24T10:21:45","slug":"taller-de-reparacions","status":"publish","type":"page","link":"https:\/\/www.levenet.com\/taller-de-reparacio\/taller-de-reparacions\/","title":{"rendered":"Workshop Barcelona"},"content":{"rendered":"<p>Durant 5 dies les 6 escoles es van reunir a la ETSAV per comen\u00e7ar a proposar possibles camins a seguir per cada un dels 3 reptes (Ceebu Jeen, Teranga, Sutura).<\/p>\n<p>L\u2019objectiu va ser el disseny d\u2019unes estrat\u00e8gies que permetessin, a partir dels diferents an\u00e0lisi, diagnosi i posicionaments, transformar-les en projectes arquitect\u00f2nics concrets. Va ser una Fase on es va construir la pregunta, l\u2019enunciat de les diferents possibles actuacions. No es pretenia, per tant, simular un projecte dibuixat i definit en una setmana. S\u2019aspirava a centrar la idea i a descriure des d\u2019on pensar-la i amb qu\u00e8 elaborar-la.<\/p>\n<p>Fases del workshop:<\/p>\n<p><strong>Fase Zero<\/strong><\/p>\n<p>Individual i abans de comen\u00e7ar el taller a Barcelona. Passejeu-vos per les vostres ciutats, reviseu la vostra biblioteca. Observeu. Detecteu imatges inspiracionals per a cada un dels\u00a0<u>3 reptes<\/u> (menjar junts, habitatge d\u2019acollida, equipament ve\u00efnal dispers i de petit format) que s\u2019han plantejat. Trieu alguna pr\u00e0ctica transformadora vinculada a les tem\u00e0tiques que s\u2019estan presentant, que tinguin un inter\u00e8s que vulgueu compartir. Un primer posicionament.<\/p>\n<p>Poden ser fotografies, dibuixos, esquemes&#8230;Poden descriure pr\u00e0ctiques o h\u00e0bits detectats. Tamb\u00e9 poden respondre a equipaments o projectes concrets, preferiblement existents.<\/p>\n<p>Quan ens trobem a Barcelona ho compartirem.<\/p>\n<p>Aquest primer exercici vol incidir sobre all\u00f2 que ja passa. Potser parcialment, potser de forma espont\u00e0nia, potser casual o de forma \u201cirregular\u201d. No importa, tot suma. L\u2019objectiu \u00e9s exercitar una mirada intel\u00b7ligent sobre els vostres diferents entorns, construir un repositori de referents i comen\u00e7ar el Taller des de vosaltres.<\/p>\n<p><strong>Fase Enunciat<\/strong><\/p>\n<p>Crearem 3 grans equips de treball, cada un atendr\u00e0 1 dels 3 reptes.<\/p>\n<p>Cada equip de treball es dividir\u00e0 en grups de 4 persones preferiblement.<\/p>\n<p>Barrejats entre escoles i proced\u00e8ncies. Les metodologies de treball seran les mateixes amb independ\u00e8ncia del tema que s\u2019abordi.<\/p>\n<p>Aix\u00ed, es proposa un treball operatiu que permeti produir material rellevant a partir de:<\/p>\n<p><u>Primera jornada: Presentaci\u00f3<\/u><\/p>\n<p>Despr\u00e9s de les presentacions generals cadasc\u00fa de vosaltres far\u00e0 una breu explicaci\u00f3 sobre les 3 imatges-idea que haur\u00e0 portat.<\/p>\n<p><u>Segona jornada: Aixecament\u00a0<\/u><\/p>\n<p>Jornada dedicada a la comprensi\u00f3 dels empla\u00e7aments escollits i de les tem\u00e0tiques proposades. L\u2019Aixecament \u00e9s un dibuix s\u00edntesi que reuneix la definici\u00f3 de l\u2019activitat i qualitats de lo existent, compatible amb la problem\u00e0tica que es vol resoldre i que comprometi el projecte d\u2019arquitectura. On es situa la proposta en l\u2019historial del conflicte o tema tractat. On es poden identificar els agents (t\u00e8cnics, ve\u00efns, teixit associatiu, etc.) relacionats amb el projecte i definir unes estrat\u00e8gies d\u2019interacci\u00f3 amb ells.<\/p>\n<p>Format: Axonometria lliure il\u00b7lustrada. Imatge volum\u00e8trica on poden conviure les arquitectures del lloc, diagrames, fluxos i sistemes que poden ser rellevants.<\/p>\n<p><u>Tercera Jornada: Percepte*<\/u><\/p>\n<p>\u00c9s el primer document proposat per l&#8217;estudi de disseny. Paraula sorgida d\u2019unir els mots \u2018percepci\u00f3\u2019 i \u2018concepte\u2019 \u2013 on una intu\u00efci\u00f3 sobre la tem\u00e0tica o el tipus de projecte que es vol portar a terme a tenor de tot all\u00f2 apr\u00e8s durant la primera Jornada queda reflectit en un \u00fanic document gr\u00e0fic.<\/p>\n<p>El percepte \u00e9s una declaraci\u00f3 d\u2019intencions tem\u00e0tiques, estrat\u00e8giques, est\u00e8tiques, que tamb\u00e9 poden arribar a ser tecnol\u00f2giques, sorgides de la intu\u00efci\u00f3 inicial.<\/p>\n<p>Format: \u00c9s una imatge \u00fanica, generalment un collage, dibuix o fotomuntatge, i ha de mostrar primer enfocaments i objectes intu\u00efcions program\u00e0tiques (concepte) sobre la materialitat espec\u00edfica de la percepci\u00f3 precedent<\/p>\n<p><u>Quarta Jornada: Clips\u00a0<\/u><\/p>\n<p>Clip de s\u00edntesi que estructura el repte i l\u2019enfocament de l\u2019equip a partir de la utilitzaci\u00f3 de la base gr\u00e0fica produ\u00efda en les Jornades precedents, principalment.<\/p>\n<p>Format: 3min<\/p>\n<p><u>Cinquena Jornada: Debat<\/u><\/p>\n<ul>\n<li>Presentaci\u00f3 dels clips.<\/li>\n<li>Debat<\/li>\n<li>Preparaci\u00f3 del cam\u00ed de la segona fase, per escoles.<\/li>\n<li>Instruccions alimentaci\u00f3 p\u00e0gina web.<\/li>\n<li>Instruccions a Equips de disseny de BAU<\/li>\n<\/ul>\n<p>&nbsp;<\/p>\n<p>Fases posteriors:<\/p>\n<p><strong>Fase Projecte.\u00a0<\/strong>El treball es seguir\u00e0 desenvolupant a les diferents escoles, segons els criteris establerts per l\u2019equip docent.<\/p>\n<p>El dia 23 Abril es realitzar\u00e0 una entrega de resultats que formar\u00e0 part de la proposta expositiva a Ven\u00e8cia.<\/p>\n<p>&nbsp;<\/p>\n<p><strong>A Ven\u00e8cia<\/strong><\/p>\n<p>Durant el taller acordarem de manera col\u00b7lectiva els formats expositius a Ven\u00e8cia.<\/p>\n<p>&nbsp;<\/p>\n<p>*<strong>\u00a0Percepto<\/strong><\/p>\n<p>Los conceptos son la verdadera invenci\u00f3n de la filosof\u00eda, y luego est\u00e1n los que podr\u00edamos denominar perceptos: los perceptos son el dominio del arte. \u00bfQu\u00e9 son los perceptos? Creo que un artista es alguien que crea perceptos. Entonces, \u00bfpor qu\u00e9 emplear una palabra rara, \u00abpercepto\u00bb, en lugar de percepci\u00f3n? Precisamente porque los perceptos no son percepciones. Dir\u00eda: \u00bfqu\u00e9 quiere un hombre de letras, un escritor, un novelista? Yo creo que quiere llegar a construir conjuntos de percepciones, de sensaciones que sobreviven a aquellos que las experimentan. Y eso es un percepto. Un percepto es un conjunto de percepciones y de sensaciones que sobrevive a aqu\u00e9l que las experimenta.<\/p>\n<p>G. Deleuze (Documental L&#8217;Abecedari de Gilles Deleuze)<\/p>\n","protected":false},"excerpt":{"rendered":"<p>Durant 5 dies les 6 escoles es van reunir a la ETSAV per comen\u00e7ar a proposar possibles camins a seguir per cada un dels 3 reptes (Ceebu Jeen, Teranga, Sutura). L\u2019objectiu va ser el disseny d\u2019unes estrat\u00e8gies que permetessin, a partir dels diferents an\u00e0lisi, diagnosi i posicionaments, transformar-les en projectes arquitect\u00f2nics concrets. Va ser una [&hellip;]<\/p>\n","protected":false},"author":2,"featured_media":0,"parent":0,"menu_order":0,"comment_status":"closed","ping_status":"closed","template":"","meta":{"_mi_skip_tracking":false,"_monsterinsights_sitenote_active":false,"_monsterinsights_sitenote_note":"","_monsterinsights_sitenote_category":0,"footnotes":""},"class_list":["post-290","page","type-page","status-publish","hentry"],"_links":{"self":[{"href":"https:\/\/www.levenet.com\/taller-de-reparacio\/wp-json\/wp\/v2\/pages\/290","targetHints":{"allow":["GET"]}}],"collection":[{"href":"https:\/\/www.levenet.com\/taller-de-reparacio\/wp-json\/wp\/v2\/pages"}],"about":[{"href":"https:\/\/www.levenet.com\/taller-de-reparacio\/wp-json\/wp\/v2\/types\/page"}],"author":[{"embeddable":true,"href":"https:\/\/www.levenet.com\/taller-de-reparacio\/wp-json\/wp\/v2\/users\/2"}],"replies":[{"embeddable":true,"href":"https:\/\/www.levenet.com\/taller-de-reparacio\/wp-json\/wp\/v2\/comments?post=290"}],"version-history":[{"count":11,"href":"https:\/\/www.levenet.com\/taller-de-reparacio\/wp-json\/wp\/v2\/pages\/290\/revisions"}],"predecessor-version":[{"id":689,"href":"https:\/\/www.levenet.com\/taller-de-reparacio\/wp-json\/wp\/v2\/pages\/290\/revisions\/689"}],"wp:attachment":[{"href":"https:\/\/www.levenet.com\/taller-de-reparacio\/wp-json\/wp\/v2\/media?parent=290"}],"curies":[{"name":"wp","href":"https:\/\/api.w.org\/{rel}","templated":true}]}}