{"id":292,"date":"2023-01-26T17:38:02","date_gmt":"2023-01-26T15:38:02","guid":{"rendered":"https:\/\/www.levenet.com\/taller-de-reparacio\/?page_id=292"},"modified":"2023-01-29T13:00:03","modified_gmt":"2023-01-29T11:00:03","slug":"amunt-persianes","status":"publish","type":"page","link":"https:\/\/www.levenet.com\/taller-de-reparacio\/amunt-persianes\/","title":{"rendered":"Amunt persianes"},"content":{"rendered":"<p><strong>Triar un empla\u00e7ament i fer l\u2019aixecament<\/strong><\/p>\n<p>El Pla de Barris \u00e9s un programa extraordinari per als barris m\u00e9s desfavorits de Barcelona, amb el qual es vol revertir les desigualtats mitjan\u00e7ant l&#8217;aplicaci\u00f3 de noves pol\u00edtiques p\u00fabliques; implicant als i les ciutadanes en el desenvolupament de projectes dinamitzadors dels seus barris i amb un pressupost assignat extraordinari i intensiu durant un temps acotat.<\/p>\n<p>Dins del programa de Pla de Barris, l\u2019Ajuntament de Barcelona ha adquirit recentment 38 locals en planta baixa per tota la ciutat per impulsar un Programa d\u2019Activaci\u00f3. Aquests programes estan a disposici\u00f3 d\u2019iniciatives culturals i d\u2019economia de social. Seran la base del nostre treball.<\/p>\n<p>El lloc on desenvolupareu els vostres projecte ser\u00e0 en un d\u2019aquests locals en planta baixa.<\/p>\n<p>De manera coordinada, cada equip tem\u00e0tic escollir\u00e0 un local, pots trobar totes els locals a la p\u00e0gina web del Programa d\u2019Activaci\u00f3 (en breu la penjarem).<\/p>\n<p>Els locals estan dispersos per tota la ciutat, estaria b\u00e9 escollir-ne un que estigui dins del <a href=\"https:\/\/www.pladebarris.barcelona\/\">Pla de Barris<\/a>. En aquesta p\u00e0gina web trobareu el mapa del Pla de Barris i informaci\u00f3 de cada un dels barris.<\/p>\n<p>Vosaltres treballareu en una ubicaci\u00f3 espec\u00edfica, per\u00f2 \u00e9s important tenir sempre al cap la idea de xarxa. El local en planta baixa dissenyat formar\u00e0 part d\u2019una xarxa de cantines, dormitoris o rebotigues disperses per tota la ciutat. En altres paraules, els casos estudi espec\u00edfics indicaran tamb\u00e9 les condicions que els altres locals haurien de tenir en un futur \u2013 per exemple, la dist\u00e0ncia entre ells, la visibilitat, la pres\u00e8ncia a la ciutat, la forma geom\u00e8trica, la superf\u00edcie interior, etc.<\/p>\n<p>El treball de l\u2019aixecament, demana d\u2019ubicar la proposta en un lloc concret, analitzar l\u2019entorn social i els serveis i equipaments que es puguin considerar complementaris. Cal posar en valor la idea de barri, de proximitat, de catalitzador social. De manera que el local, el seu entorn, els seus ve\u00efns, els elements de proximitat que creieu oportuns de convertir en rellevants, passin a formar part del paisatge on es pot produir el vostre futur projecte i saber-los plasmar en la lamina de l\u2019aixecament.<\/p>\n<p>Eventualment es podr\u00e0 coordinar alguna visita dins el local, per\u00f2 la log\u00edstica ser\u00e0 complicada. En aquest sentit, la fitxa que l\u2019Ajuntament ha preparat, dona molta informaci\u00f3 per fer aquesta arrencada.<\/p>\n<p>Els companys locals son un primer referent per tots aquells que no conegueu la ciutat. Ells us explicaran les caracter\u00edstiques de cada barri. Aqu\u00ed importa molt el vostre di\u00e0leg.<br \/>\nAltre webs que poden ser d\u2019inter\u00e8s, complementaries a la web de Pla de Barris:<br \/>\n<a href=\"https:\/\/ajuntament.barcelona.cat\/estadistica\/angles\/index.htm\">Departament d&#8217;Estad\u00edstica i Difusi\u00f3 de Dades de l&#8217;Ajuntament de Barcelona<\/a><br \/>\n<a href=\"https:\/\/www.arrelsfundacio.org\/en\/homeless-people\/\">Homeless People de Fundaci\u00f3 Arrels<\/a><\/p>\n","protected":false},"excerpt":{"rendered":"<p>Triar un empla\u00e7ament i fer l\u2019aixecament El Pla de Barris \u00e9s un programa extraordinari per als barris m\u00e9s desfavorits de Barcelona, amb el qual es vol revertir les desigualtats mitjan\u00e7ant l&#8217;aplicaci\u00f3 de noves pol\u00edtiques p\u00fabliques; implicant als i les ciutadanes en el desenvolupament de projectes dinamitzadors dels seus barris i amb un pressupost assignat extraordinari [&hellip;]<\/p>\n","protected":false},"author":2,"featured_media":0,"parent":0,"menu_order":0,"comment_status":"closed","ping_status":"closed","template":"","meta":{"_mi_skip_tracking":false,"_monsterinsights_sitenote_active":false,"_monsterinsights_sitenote_note":"","_monsterinsights_sitenote_category":0,"footnotes":""},"class_list":["post-292","page","type-page","status-publish","hentry"],"_links":{"self":[{"href":"https:\/\/www.levenet.com\/taller-de-reparacio\/wp-json\/wp\/v2\/pages\/292","targetHints":{"allow":["GET"]}}],"collection":[{"href":"https:\/\/www.levenet.com\/taller-de-reparacio\/wp-json\/wp\/v2\/pages"}],"about":[{"href":"https:\/\/www.levenet.com\/taller-de-reparacio\/wp-json\/wp\/v2\/types\/page"}],"author":[{"embeddable":true,"href":"https:\/\/www.levenet.com\/taller-de-reparacio\/wp-json\/wp\/v2\/users\/2"}],"replies":[{"embeddable":true,"href":"https:\/\/www.levenet.com\/taller-de-reparacio\/wp-json\/wp\/v2\/comments?post=292"}],"version-history":[{"count":5,"href":"https:\/\/www.levenet.com\/taller-de-reparacio\/wp-json\/wp\/v2\/pages\/292\/revisions"}],"predecessor-version":[{"id":448,"href":"https:\/\/www.levenet.com\/taller-de-reparacio\/wp-json\/wp\/v2\/pages\/292\/revisions\/448"}],"wp:attachment":[{"href":"https:\/\/www.levenet.com\/taller-de-reparacio\/wp-json\/wp\/v2\/media?parent=292"}],"curies":[{"name":"wp","href":"https:\/\/api.w.org\/{rel}","templated":true}]}}