{"id":604,"date":"2023-01-30T13:01:45","date_gmt":"2023-01-30T11:01:45","guid":{"rendered":"https:\/\/www.levenet.com\/taller-de-reparacio\/?page_id=604"},"modified":"2023-01-30T13:01:45","modified_gmt":"2023-01-30T11:01:45","slug":"instruccions","status":"publish","type":"page","link":"https:\/\/www.levenet.com\/taller-de-reparacio\/instruccions\/","title":{"rendered":"INSTRUCCIONS"},"content":{"rendered":"<p>Bon dia equip. Ja hi som!<\/p>\n<p>&nbsp;<\/p>\n<p>Hem obert un vincle on els estudiants vagin penjant les imatges que han escollit. Hem obert una pagina web del Taller de Reparaci\u00f3 on anar trobant la informaci\u00f3. Tenim un calendari del que anir\u00e0 passant durant la setmana.<\/p>\n<p>&nbsp;<\/p>\n<p>Des d\u2019un punt de vista operatiu, el dilluns el gran grup d\u2019estudiants es dividir\u00e0 en <strong>tres grups tem\u00e0tics<\/strong>. La intenci\u00f3 seria fer-ho despr\u00e9s de que s\u2019hagin presentat, mostrat cada un d\u2019ells les imatges que porta. I siguem nosaltres que per inter\u00e8s, afinitat o sensibilitat, proposem que un estudiant vagi a l\u2019equip tem\u00e0tic del menjador, de l\u2019habitatge o de l\u2019equipament.<\/p>\n<p>&nbsp;<\/p>\n<p>Haurem d\u2019estar atents que els estudiants locals quedin ben repartits. Els amfitrions son clau perqu\u00e8 puguem accelerar i facilitar el coneixement de la ciutat. Pensem que dilluns tarda han de triar un empla\u00e7ament i a l\u2019endem\u00e0 visitar-lo per dimecres fer una lamina d\u2019aixecament.<\/p>\n<p>&nbsp;<\/p>\n<p>Despr\u00e9s de dinar, el mateix dilluns, els tres grups tem\u00e0tics es reuneixen i s\u2019organitzen per fer 5 o 6 <strong>equips de projecte<\/strong>. Aquests grups m\u00e9s redu\u00efts son m\u00e9s operatius i seran els que hauran d\u2019actuar com una unitat de disseny. Triaran sobre la pagina del Programa del Pla de Barris de Barcelona que els haurem facilitat, un local concret a trav\u00e9s d\u2019una de les fitxes disponibles.<\/p>\n<p>&nbsp;<\/p>\n<p>El Pla de Barris \u00e9s un Programa municipal que en l\u2019actualitat t\u00e9 15 \u00e0rees de la ciutat sota transformaci\u00f3. La web de Pla de Barris es profusa en informaci\u00f3 i dades concretes molt \u00fatils per diagnosticar un barri. De manera que els equips de projecte tenen acc\u00e9s a dades i indicadors complementaris a aquells que veuran fent el Safari del dimarts. Triaran un local que els sembli adequat mirant que estigui dins d\u2019una de les 15 \u00e0rees de transformaci\u00f3 del Pla de barris. (Hi ha locals a disposici\u00f3 fora del pla de barris que es podran triar per\u00f2 es disposar\u00e0 de menys informaci\u00f3 dins la web)<\/p>\n<p>&nbsp;<\/p>\n<p>Criteris a tenir en comte:<\/p>\n<p>&nbsp;<\/p>\n<ol>\n<li><strong>El condicionant Pla de Barris.<\/strong><\/li>\n<\/ol>\n<p>Com hem dit, si es tria un dels locals que est\u00e0 dins d\u2019un dels 15 Plans de Barris, disposarem de molta informaci\u00f3 endre\u00e7ada que no caldr\u00e0 buscar. No obstant, pot interessar un local que no estigui dins de cap de les 15 \u00e0rees per\u00f2 sigui rellevant per un altre aspecte que es consideri important. Cap problema.<\/p>\n<figure id=\"attachment_605\" aria-describedby=\"caption-attachment-605\" style=\"width: 1033px\" class=\"wp-caption alignnone\"><img loading=\"lazy\" decoding=\"async\" class=\"size-full wp-image-605\" src=\"https:\/\/www.levenet.com\/taller-de-reparacio\/wp-content\/uploads\/2023\/01\/pla-de-barris.jpg\" alt=\"pla de barris\" width=\"1033\" height=\"201\" srcset=\"https:\/\/www.levenet.com\/taller-de-reparacio\/wp-content\/uploads\/2023\/01\/pla-de-barris.jpg 1033w, https:\/\/www.levenet.com\/taller-de-reparacio\/wp-content\/uploads\/2023\/01\/pla-de-barris-300x58.jpg 300w, https:\/\/www.levenet.com\/taller-de-reparacio\/wp-content\/uploads\/2023\/01\/pla-de-barris-1024x199.jpg 1024w, https:\/\/www.levenet.com\/taller-de-reparacio\/wp-content\/uploads\/2023\/01\/pla-de-barris-768x149.jpg 768w\" sizes=\"auto, (max-width: 1033px) 100vw, 1033px\" \/><figcaption id=\"caption-attachment-605\" class=\"wp-caption-text\">Mapa dels locals disponibles<\/figcaption><\/figure>\n<p>&nbsp;<\/p>\n<figure id=\"attachment_608\" aria-describedby=\"caption-attachment-608\" style=\"width: 1042px\" class=\"wp-caption alignnone\"><img loading=\"lazy\" decoding=\"async\" class=\"size-full wp-image-608\" src=\"https:\/\/www.levenet.com\/taller-de-reparacio\/wp-content\/uploads\/2023\/01\/el-vincle-als-plans-actuals.jpg\" alt=\"\" width=\"1042\" height=\"285\" srcset=\"https:\/\/www.levenet.com\/taller-de-reparacio\/wp-content\/uploads\/2023\/01\/el-vincle-als-plans-actuals.jpg 1042w, https:\/\/www.levenet.com\/taller-de-reparacio\/wp-content\/uploads\/2023\/01\/el-vincle-als-plans-actuals-300x82.jpg 300w, https:\/\/www.levenet.com\/taller-de-reparacio\/wp-content\/uploads\/2023\/01\/el-vincle-als-plans-actuals-1024x280.jpg 1024w, https:\/\/www.levenet.com\/taller-de-reparacio\/wp-content\/uploads\/2023\/01\/el-vincle-als-plans-actuals-768x210.jpg 768w\" sizes=\"auto, (max-width: 1042px) 100vw, 1042px\" \/><figcaption id=\"caption-attachment-608\" class=\"wp-caption-text\">El vincle als Plans de Barri actuals<\/figcaption><\/figure>\n<p>&nbsp;<\/p>\n<ol start=\"2\">\n<li><strong>Dimensions i configuraci\u00f3 interior de cara a l\u2019activitat de futur.<\/strong><\/li>\n<\/ol>\n<p>Menjador. Aproximaci\u00f3 al nombre comensals, reserva de superf\u00edcie per magatzems, entrada i sortida d\u2019aliments, espais per la elaboraci\u00f3 dels \u00e0pats, possibilitat de desplegar l\u2019activat a un exterior, intuir si es menja, s\u2019elabora i es menja, nomes s\u2019elabora, si fa les feines d\u2019economat, banc d\u2019aliments, nevera amiga, entre hores&#8230;<\/p>\n<p>&nbsp;<\/p>\n<p>Habitatge. Hip\u00f2tesi sobre el nombre d\u2019usuaris, necessitat de serveis, relaci\u00f3 de superf\u00edcie, geometria i configuraci\u00f3 amb la idea d\u2019habitatge extens, gesti\u00f3 dels generes, possibilitat d\u2019espais per acompanyants&#8230;<\/p>\n<p>&nbsp;<\/p>\n<p>Rebotiga. Si es vol fer servir nom\u00e9s una part del local i combinar-lo amb un altre activitat comercial, si ha de tenir pres\u00e8ncia a l\u2019exterior, hip\u00f2tesi de dimensionat, acollir serveis que altres locals necessitin, predimensionat inicial&#8230;<\/p>\n<figure id=\"attachment_611\" aria-describedby=\"caption-attachment-611\" style=\"width: 1012px\" class=\"wp-caption alignnone\"><img loading=\"lazy\" decoding=\"async\" class=\"size-full wp-image-611\" src=\"https:\/\/www.levenet.com\/taller-de-reparacio\/wp-content\/uploads\/2023\/01\/fitxes-de-locals-disponibles.jpg\" alt=\"\" width=\"1012\" height=\"468\" srcset=\"https:\/\/www.levenet.com\/taller-de-reparacio\/wp-content\/uploads\/2023\/01\/fitxes-de-locals-disponibles.jpg 1012w, https:\/\/www.levenet.com\/taller-de-reparacio\/wp-content\/uploads\/2023\/01\/fitxes-de-locals-disponibles-300x139.jpg 300w, https:\/\/www.levenet.com\/taller-de-reparacio\/wp-content\/uploads\/2023\/01\/fitxes-de-locals-disponibles-768x355.jpg 768w\" sizes=\"auto, (max-width: 1012px) 100vw, 1012px\" \/><figcaption id=\"caption-attachment-611\" class=\"wp-caption-text\">Fitxes de locals disponibles<\/figcaption><\/figure>\n<p>&nbsp;<\/p>\n<p>&nbsp;<\/p>\n<ol start=\"3\">\n<li><strong>Pres\u00e8ncia urbana.<\/strong><\/li>\n<\/ol>\n<p>Es important establir criteris de pres\u00e8ncia en l\u2019entorn urb\u00e0. Si l\u2019activitat ha de fer-se present o no. Si ha de disposar d\u2019espais oberts. Quin potencial de fa\u00e7ana t\u00e9, quin enclavament urb\u00e0 ocupa, condici\u00f3 panor\u00e0mica des de fora, des de dins&#8230;<\/p>\n<figure id=\"attachment_613\" aria-describedby=\"caption-attachment-613\" style=\"width: 304px\" class=\"wp-caption alignnone\"><img loading=\"lazy\" decoding=\"async\" class=\"size-full wp-image-613\" src=\"https:\/\/www.levenet.com\/taller-de-reparacio\/wp-content\/uploads\/2023\/01\/desde-dins-i-des-de-fora.jpg\" alt=\"\" width=\"304\" height=\"166\" srcset=\"https:\/\/www.levenet.com\/taller-de-reparacio\/wp-content\/uploads\/2023\/01\/desde-dins-i-des-de-fora.jpg 304w, https:\/\/www.levenet.com\/taller-de-reparacio\/wp-content\/uploads\/2023\/01\/desde-dins-i-des-de-fora-300x164.jpg 300w\" sizes=\"auto, (max-width: 304px) 100vw, 304px\" \/><figcaption id=\"caption-attachment-613\" class=\"wp-caption-text\">Desde dins i des de fora. Eduard Hopper<\/figcaption><\/figure>\n<p>&nbsp;<\/p>\n<figure id=\"attachment_617\" aria-describedby=\"caption-attachment-617\" style=\"width: 304px\" class=\"wp-caption alignnone\"><img loading=\"lazy\" decoding=\"async\" class=\"size-full wp-image-617\" src=\"https:\/\/www.levenet.com\/taller-de-reparacio\/wp-content\/uploads\/2023\/01\/barcelona-inici-segle-xx.jpg\" alt=\"\" width=\"304\" height=\"228\" srcset=\"https:\/\/www.levenet.com\/taller-de-reparacio\/wp-content\/uploads\/2023\/01\/barcelona-inici-segle-xx.jpg 304w, https:\/\/www.levenet.com\/taller-de-reparacio\/wp-content\/uploads\/2023\/01\/barcelona-inici-segle-xx-300x225.jpg 300w\" sizes=\"auto, (max-width: 304px) 100vw, 304px\" \/><figcaption id=\"caption-attachment-617\" class=\"wp-caption-text\">Barcelona inici segle XX. Col\u00b7lecci\u00f3 Casas<\/figcaption><\/figure>\n<p>&nbsp;<\/p>\n<p>&nbsp;<\/p>\n<ol start=\"4\">\n<li><strong>Vincles amb l&#8217;entorn.<\/strong><\/li>\n<\/ol>\n<p>Rol de l\u2019\u00e0mbit dins el barri, nivell de coneixement i representaci\u00f3 de l\u2019enclavament pels mateixos ve\u00efns, altres serveis propers, vincles possibles, comunicaci\u00f3 als transports&#8230;Comen\u00e7ant, sobretot, pels mateixos ve\u00efns d\u2019escala o comunitat. Els projectes podran reeixir si potencien i tenen cura del ve\u00efnatge immediat (soroll, millores a compartir&#8230;) Pensem que el que anem a proposar, sol no tenir, d\u2019entrada mala premsa. Establir estrat\u00e8gies de projecte per donar-hi la volta.<\/p>\n<figure id=\"attachment_625\" aria-describedby=\"caption-attachment-625\" style=\"width: 854px\" class=\"wp-caption alignnone\"><img loading=\"lazy\" decoding=\"async\" class=\"wp-image-625 size-full\" src=\"https:\/\/www.levenet.com\/taller-de-reparacio\/wp-content\/uploads\/2023\/01\/cartografia-assaig-general-festa-riu-leve.jpg\" alt=\"\" width=\"854\" height=\"283\" srcset=\"https:\/\/www.levenet.com\/taller-de-reparacio\/wp-content\/uploads\/2023\/01\/cartografia-assaig-general-festa-riu-leve.jpg 854w, https:\/\/www.levenet.com\/taller-de-reparacio\/wp-content\/uploads\/2023\/01\/cartografia-assaig-general-festa-riu-leve-300x99.jpg 300w, https:\/\/www.levenet.com\/taller-de-reparacio\/wp-content\/uploads\/2023\/01\/cartografia-assaig-general-festa-riu-leve-768x255.jpg 768w\" sizes=\"auto, (max-width: 854px) 100vw, 854px\" \/><figcaption id=\"caption-attachment-625\" class=\"wp-caption-text\">Cartografia assaig general LEVE \/ Cartografia Festa del riu LEVE<\/figcaption><\/figure>\n<figure id=\"attachment_628\" aria-describedby=\"caption-attachment-628\" style=\"width: 1000px\" class=\"wp-caption alignnone\"><img loading=\"lazy\" decoding=\"async\" class=\"size-full wp-image-628\" src=\"https:\/\/www.levenet.com\/taller-de-reparacio\/wp-content\/uploads\/2023\/01\/xarxa-associativa.jpg\" alt=\"\" width=\"1000\" height=\"302\" srcset=\"https:\/\/www.levenet.com\/taller-de-reparacio\/wp-content\/uploads\/2023\/01\/xarxa-associativa.jpg 1000w, https:\/\/www.levenet.com\/taller-de-reparacio\/wp-content\/uploads\/2023\/01\/xarxa-associativa-300x91.jpg 300w, https:\/\/www.levenet.com\/taller-de-reparacio\/wp-content\/uploads\/2023\/01\/xarxa-associativa-768x232.jpg 768w\" sizes=\"auto, (max-width: 1000px) 100vw, 1000px\" \/><figcaption id=\"caption-attachment-628\" class=\"wp-caption-text\">Xarxa associativa web PdB \/ Indicadors \u00fatils web PdB<\/figcaption><\/figure>\n<figure id=\"attachment_630\" aria-describedby=\"caption-attachment-630\" style=\"width: 300px\" class=\"wp-caption alignnone\"><img loading=\"lazy\" decoding=\"async\" class=\"size-medium wp-image-630\" src=\"https:\/\/www.levenet.com\/taller-de-reparacio\/wp-content\/uploads\/2023\/01\/pis-zero-300x174.jpg\" alt=\"\" width=\"300\" height=\"174\" srcset=\"https:\/\/www.levenet.com\/taller-de-reparacio\/wp-content\/uploads\/2023\/01\/pis-zero-300x174.jpg 300w, https:\/\/www.levenet.com\/taller-de-reparacio\/wp-content\/uploads\/2023\/01\/pis-zero.jpg 579w\" sizes=\"auto, (max-width: 300px) 100vw, 300px\" \/><figcaption id=\"caption-attachment-630\" class=\"wp-caption-text\">Piz Zero enmig de la comunita de ve\u00efns LEVE<\/figcaption><\/figure>\n<figure id=\"attachment_632\" aria-describedby=\"caption-attachment-632\" style=\"width: 300px\" class=\"wp-caption alignnone\"><img loading=\"lazy\" decoding=\"async\" class=\"size-medium wp-image-632\" src=\"https:\/\/www.levenet.com\/taller-de-reparacio\/wp-content\/uploads\/2023\/01\/prendre-consciencia-300x169.jpg\" alt=\"\" width=\"300\" height=\"169\" srcset=\"https:\/\/www.levenet.com\/taller-de-reparacio\/wp-content\/uploads\/2023\/01\/prendre-consciencia-300x169.jpg 300w, https:\/\/www.levenet.com\/taller-de-reparacio\/wp-content\/uploads\/2023\/01\/prendre-consciencia.jpg 578w\" sizes=\"auto, (max-width: 300px) 100vw, 300px\" \/><figcaption id=\"caption-attachment-632\" class=\"wp-caption-text\">Sobre la necessitat de prendre consciencia LEVE<\/figcaption><\/figure>\n<p>&nbsp;<\/p>\n<p>&nbsp;<\/p>\n<ol start=\"5\">\n<li><strong>Identificaci\u00f3 d&#8217;usuaris.<\/strong><\/li>\n<\/ol>\n<p>Comen\u00e7ant pel ve\u00efnatge present i identificant el potencial.<br \/>\nUn equipament dispers, per exemple, ha de convidar als ve\u00efns. Se l\u2019han de sentir com a propi, els ha de ser \u00fatil. Ha de potenciar usos encertats.<\/p>\n<p>&nbsp;<\/p>\n<p>Una habitatge extens ha de poder fer-se servir, tamb\u00e9, com a refugi clim\u00e0tic per aquells ve\u00efns vulnerables que no tenen la possibilitat d\u2019estar en les seves cases en condicions quan les temperatures son extremes.<\/p>\n<p>&nbsp;<\/p>\n<p>Un menjador antiracista \u00e9s, per definici\u00f3, per tothom. Un catalitzador de sobiranies. Un espai per alimentar-se, per accedir a aliments elaborats, al coneixement i intercanvi de maneres d\u2019elaborar, a l\u2019assist\u00e8ncia b\u00e0sica, a la centralitzaci\u00f3 de petits productors de proximitat&#8230;<\/p>\n<figure id=\"attachment_634\" aria-describedby=\"caption-attachment-634\" style=\"width: 300px\" class=\"wp-caption alignnone\"><img loading=\"lazy\" decoding=\"async\" class=\"size-medium wp-image-634\" src=\"https:\/\/www.levenet.com\/taller-de-reparacio\/wp-content\/uploads\/2023\/01\/vincles-300x240.jpg\" alt=\"\" width=\"300\" height=\"240\" srcset=\"https:\/\/www.levenet.com\/taller-de-reparacio\/wp-content\/uploads\/2023\/01\/vincles-300x240.jpg 300w, https:\/\/www.levenet.com\/taller-de-reparacio\/wp-content\/uploads\/2023\/01\/vincles.jpg 504w\" sizes=\"auto, (max-width: 300px) 100vw, 300px\" \/><figcaption id=\"caption-attachment-634\" class=\"wp-caption-text\">Vincles. Herman Hertzberguer<\/figcaption><\/figure>\n<figure id=\"attachment_636\" aria-describedby=\"caption-attachment-636\" style=\"width: 300px\" class=\"wp-caption alignnone\"><img loading=\"lazy\" decoding=\"async\" class=\"size-medium wp-image-636\" src=\"https:\/\/www.levenet.com\/taller-de-reparacio\/wp-content\/uploads\/2023\/01\/familia-al-carrer-300x218.jpg\" alt=\"\" width=\"300\" height=\"218\" srcset=\"https:\/\/www.levenet.com\/taller-de-reparacio\/wp-content\/uploads\/2023\/01\/familia-al-carrer-300x218.jpg 300w, https:\/\/www.levenet.com\/taller-de-reparacio\/wp-content\/uploads\/2023\/01\/familia-al-carrer.jpg 500w\" sizes=\"auto, (max-width: 300px) 100vw, 300px\" \/><figcaption id=\"caption-attachment-636\" class=\"wp-caption-text\">Fam\u00edlia al carrer. Col\u00b7lecci\u00f3 Casas<\/figcaption><\/figure>\n<p>&nbsp;<\/p>\n<p>&nbsp;<\/p>\n<ol start=\"6\">\n<li><strong>Veus amigues.<\/strong><\/li>\n<\/ol>\n<p>Detectar altres espais, agents o activats que puguin completar i sumar el projecte d\u2019arribada. Una cuina nova pot distribuir el menjar en espais existents dins un barri, activar-los, implicar-los.<\/p>\n<p>&nbsp;<\/p>\n<p>L\u2019equipament dispers (rebotiga) pot establir complicitats amb altres locals i activitats. Se\u2019ls pot oferir espai , mancomunar serveis&#8230;<\/p>\n<p>&nbsp;<\/p>\n<p>L\u2019allotjament extens pot necessitar de proximitats com ara menjadors, barberies, atencions mediques, culturals que s\u2019hauran de detectar.<\/p>\n<figure id=\"attachment_638\" aria-describedby=\"caption-attachment-638\" style=\"width: 300px\" class=\"wp-caption alignnone\"><img loading=\"lazy\" decoding=\"async\" class=\"size-medium wp-image-638\" src=\"https:\/\/www.levenet.com\/taller-de-reparacio\/wp-content\/uploads\/2023\/01\/tho-porto-en-un-moment-300x200.jpg\" alt=\"\" width=\"300\" height=\"200\" srcset=\"https:\/\/www.levenet.com\/taller-de-reparacio\/wp-content\/uploads\/2023\/01\/tho-porto-en-un-moment-300x200.jpg 300w, https:\/\/www.levenet.com\/taller-de-reparacio\/wp-content\/uploads\/2023\/01\/tho-porto-en-un-moment.jpg 521w\" sizes=\"auto, (max-width: 300px) 100vw, 300px\" \/><figcaption id=\"caption-attachment-638\" class=\"wp-caption-text\">T&#8217;ho porto en un moment. LEVE<\/figcaption><\/figure>\n<p>&nbsp;<\/p>\n<p>&nbsp;<\/p>\n<ol start=\"7\">\n<li><strong>Fonts d&#8217;energia.<\/strong><\/li>\n<\/ol>\n<p>Els projectes perseguiran la descarbonataci\u00f3 en l\u2019activitat i els h\u00e0bits. Per aix\u00f2 caldr\u00e0 cartografiar els potencials i les fons ja existents. Orientaci\u00f3, radiaci\u00f3, estrat\u00e8gia per l\u2019autogeneraci\u00f3, mobilitats, proximitats\u2026 Aix\u00ed com plantejar una estrat\u00e8gia de materialitat pel seu desenvolupament que faci una valoraci\u00f3 de la reutilitzaci\u00f3 possible de l\u2019existent en el local, prove\u00efdors de proximitat, productors o artesans del barri, desmuntatges o enderrocs previstos a l\u2019entorn&#8230;<\/p>\n<figure id=\"attachment_641\" aria-describedby=\"caption-attachment-641\" style=\"width: 221px\" class=\"wp-caption alignnone\"><img loading=\"lazy\" decoding=\"async\" class=\"size-medium wp-image-641\" src=\"https:\/\/www.levenet.com\/taller-de-reparacio\/wp-content\/uploads\/2023\/01\/el-confort-de-lo-passiu-221x300.jpg\" alt=\"\" width=\"221\" height=\"300\" srcset=\"https:\/\/www.levenet.com\/taller-de-reparacio\/wp-content\/uploads\/2023\/01\/el-confort-de-lo-passiu-221x300.jpg 221w, https:\/\/www.levenet.com\/taller-de-reparacio\/wp-content\/uploads\/2023\/01\/el-confort-de-lo-passiu.jpg 248w\" sizes=\"auto, (max-width: 221px) 100vw, 221px\" \/><figcaption id=\"caption-attachment-641\" class=\"wp-caption-text\">El confort de lo passiu. Interior a l&#8217;aire lliure<\/figcaption><\/figure>\n<figure id=\"attachment_643\" aria-describedby=\"caption-attachment-643\" style=\"width: 755px\" class=\"wp-caption alignnone\"><img loading=\"lazy\" decoding=\"async\" class=\"size-full wp-image-643\" src=\"https:\/\/www.levenet.com\/taller-de-reparacio\/wp-content\/uploads\/2023\/01\/reciclatge-i-punts-verds.jpg\" alt=\"\" width=\"755\" height=\"254\" srcset=\"https:\/\/www.levenet.com\/taller-de-reparacio\/wp-content\/uploads\/2023\/01\/reciclatge-i-punts-verds.jpg 755w, https:\/\/www.levenet.com\/taller-de-reparacio\/wp-content\/uploads\/2023\/01\/reciclatge-i-punts-verds-300x101.jpg 300w\" sizes=\"auto, (max-width: 755px) 100vw, 755px\" \/><figcaption id=\"caption-attachment-643\" class=\"wp-caption-text\">Reciclatge de proximitat. Rottor DC \/ Punts verds a BCN DC<\/figcaption><\/figure>\n<p>&nbsp;<\/p>\n<p>&nbsp;<\/p>\n<ol start=\"8\">\n<li><strong>Millores.<\/strong><\/li>\n<\/ol>\n<p>Un projecte \u00e9s una eina de transformaci\u00f3. S\u2019ha d\u2019identificar qu\u00e8 reverteix, millora, transforma, del que avui ens trobem. Comen\u00e7at per la nova activitat que projectarem, per\u00f2 llegint potencials d\u2019escala, capacitat de contagi&#8230;<\/p>\n<figure id=\"attachment_645\" aria-describedby=\"caption-attachment-645\" style=\"width: 400px\" class=\"wp-caption alignnone\"><img loading=\"lazy\" decoding=\"async\" class=\"size-full wp-image-645\" src=\"https:\/\/www.levenet.com\/taller-de-reparacio\/wp-content\/uploads\/2023\/01\/transformacio.jpg\" alt=\"\" width=\"400\" height=\"349\" srcset=\"https:\/\/www.levenet.com\/taller-de-reparacio\/wp-content\/uploads\/2023\/01\/transformacio.jpg 400w, https:\/\/www.levenet.com\/taller-de-reparacio\/wp-content\/uploads\/2023\/01\/transformacio-300x262.jpg 300w\" sizes=\"auto, (max-width: 400px) 100vw, 400px\" \/><figcaption id=\"caption-attachment-645\" class=\"wp-caption-text\">Transformaci\u00f3 despr\u00e9s d\u2019una acci\u00f3-projecte. ZUS Rotterdam<\/figcaption><\/figure>\n<p>&nbsp;<\/p>\n<p>&nbsp;<\/p>\n<ol start=\"9\">\n<li><strong>Replica.<\/strong><\/li>\n<\/ol>\n<p style=\"font-weight: 400;\">La proposta es desenvolupa en un lloc concret. Queda, per tant, condicionada als potencials de l\u2019enclavament prec\u00eds. Per\u00f2 d\u2019aquesta concreci\u00f3 se\u2019n desprenen caracter\u00edstiques per una possible replica, un manual de detecci\u00f3 de nous locals. Ha de quedar clar qu\u00e8 \u00e9s replicable. Qu\u00e8 s\u2019ha de tenir en compte per fer-ne m\u00e9s. A quina distancia, per quina poblaci\u00f3, per quin nombre d\u2019usuaris potencials&#8230;<\/p>\n<figure id=\"attachment_647\" aria-describedby=\"caption-attachment-647\" style=\"width: 300px\" class=\"wp-caption alignnone\"><img loading=\"lazy\" decoding=\"async\" class=\"size-medium wp-image-647\" src=\"https:\/\/www.levenet.com\/taller-de-reparacio\/wp-content\/uploads\/2023\/01\/xarxa-arrels-300x220.png\" alt=\"\" width=\"300\" height=\"220\" srcset=\"https:\/\/www.levenet.com\/taller-de-reparacio\/wp-content\/uploads\/2023\/01\/xarxa-arrels-300x220.png 300w, https:\/\/www.levenet.com\/taller-de-reparacio\/wp-content\/uploads\/2023\/01\/xarxa-arrels.png 448w\" sizes=\"auto, (max-width: 300px) 100vw, 300px\" \/><figcaption id=\"caption-attachment-647\" class=\"wp-caption-text\">Xarxa Arrels usuaris dels seus recursos. LEVE<\/figcaption><\/figure>\n<p>&nbsp;<\/p>\n<p>&nbsp;<\/p>\n<ol start=\"10\">\n<li><strong>Documents.<\/strong><\/li>\n<\/ol>\n<p>L\u2019Aixecament \u00e9s un dibuix, tipus axonometria (en format dinA1, per entendre\u2019ns) on la descripci\u00f3 del lloc, la identificaci\u00f3 dels seus atributs, vinculats a la mena de programa que farem aterrar, s\u2019expliquen.<\/p>\n<p>&nbsp;<\/p>\n<p>El Percepte \u00e9s una imatge (dina3, per entendre\u2019ns) que explica el concepte, la intenci\u00f3 i no tant el resultat.<\/p>\n<p>&nbsp;<\/p>\n<p>Els Clips son una s\u00edntesi de 3min on tot el material que s\u2019ha elaborat s\u2019utilitza, se\u2019n pot afegir de complementari, i s\u2019organitza per una escaleta d\u2019idees que es volen desenvolupar. \u00c9s el clip de l\u2019anunciat d\u2019un projecte.<\/p>\n<figure id=\"attachment_650\" aria-describedby=\"caption-attachment-650\" style=\"width: 717px\" class=\"wp-caption alignnone\"><img loading=\"lazy\" decoding=\"async\" class=\"size-full wp-image-650\" src=\"https:\/\/www.levenet.com\/taller-de-reparacio\/wp-content\/uploads\/2023\/01\/prats-i-bow-bow.jpg\" alt=\"\" width=\"717\" height=\"206\" srcset=\"https:\/\/www.levenet.com\/taller-de-reparacio\/wp-content\/uploads\/2023\/01\/prats-i-bow-bow.jpg 717w, https:\/\/www.levenet.com\/taller-de-reparacio\/wp-content\/uploads\/2023\/01\/prats-i-bow-bow-300x86.jpg 300w\" sizes=\"auto, (max-width: 717px) 100vw, 717px\" \/><figcaption id=\"caption-attachment-650\" class=\"wp-caption-text\">Prats Flores a Lund \/ Atelier Bow-Bow<\/figcaption><\/figure>\n<figure id=\"attachment_652\" aria-describedby=\"caption-attachment-652\" style=\"width: 894px\" class=\"wp-caption alignnone\"><img loading=\"lazy\" decoding=\"async\" class=\"size-full wp-image-652\" src=\"https:\/\/www.levenet.com\/taller-de-reparacio\/wp-content\/uploads\/2023\/01\/APSmithson-i-Cederic-Price.jpg\" alt=\"\" width=\"894\" height=\"258\" srcset=\"https:\/\/www.levenet.com\/taller-de-reparacio\/wp-content\/uploads\/2023\/01\/APSmithson-i-Cederic-Price.jpg 894w, https:\/\/www.levenet.com\/taller-de-reparacio\/wp-content\/uploads\/2023\/01\/APSmithson-i-Cederic-Price-300x87.jpg 300w, https:\/\/www.levenet.com\/taller-de-reparacio\/wp-content\/uploads\/2023\/01\/APSmithson-i-Cederic-Price-768x222.jpg 768w\" sizes=\"auto, (max-width: 894px) 100vw, 894px\" \/><figcaption id=\"caption-attachment-652\" class=\"wp-caption-text\">Percepte APSmithson \/ Percepte Cederic Price<\/figcaption><\/figure>\n<p>&nbsp;<\/p>\n<p style=\"font-weight: 400;\">En aquesta fase del projecte, la reconfiguraci\u00f3 interior de l\u2019espai del local es pot anar pensant. Com s\u2019ha dit, ja s\u2019han de saber coses del que hi passar\u00e0 dins, per\u00f2 no cal definir-ho ni distribuir-ho. Aix\u00f2 es deixa per la fase seg\u00fcent, que es desenvolupar\u00e0 despr\u00e9s d\u2019aquest Workshop.<\/p>\n","protected":false},"excerpt":{"rendered":"<p>Bon dia equip. Ja hi som! &nbsp; Hem obert un vincle on els estudiants vagin penjant les imatges que han escollit. Hem obert una pagina web del Taller de Reparaci\u00f3 on anar trobant la informaci\u00f3. Tenim un calendari del que anir\u00e0 passant durant la setmana. &nbsp; Des d\u2019un punt de vista operatiu, el dilluns el [&hellip;]<\/p>\n","protected":false},"author":1,"featured_media":0,"parent":0,"menu_order":0,"comment_status":"closed","ping_status":"closed","template":"","meta":{"_mi_skip_tracking":false,"_monsterinsights_sitenote_active":false,"_monsterinsights_sitenote_note":"","_monsterinsights_sitenote_category":0,"footnotes":""},"class_list":["post-604","page","type-page","status-publish","hentry"],"_links":{"self":[{"href":"https:\/\/www.levenet.com\/taller-de-reparacio\/wp-json\/wp\/v2\/pages\/604","targetHints":{"allow":["GET"]}}],"collection":[{"href":"https:\/\/www.levenet.com\/taller-de-reparacio\/wp-json\/wp\/v2\/pages"}],"about":[{"href":"https:\/\/www.levenet.com\/taller-de-reparacio\/wp-json\/wp\/v2\/types\/page"}],"author":[{"embeddable":true,"href":"https:\/\/www.levenet.com\/taller-de-reparacio\/wp-json\/wp\/v2\/users\/1"}],"replies":[{"embeddable":true,"href":"https:\/\/www.levenet.com\/taller-de-reparacio\/wp-json\/wp\/v2\/comments?post=604"}],"version-history":[{"count":8,"href":"https:\/\/www.levenet.com\/taller-de-reparacio\/wp-json\/wp\/v2\/pages\/604\/revisions"}],"predecessor-version":[{"id":654,"href":"https:\/\/www.levenet.com\/taller-de-reparacio\/wp-json\/wp\/v2\/pages\/604\/revisions\/654"}],"wp:attachment":[{"href":"https:\/\/www.levenet.com\/taller-de-reparacio\/wp-json\/wp\/v2\/media?parent=604"}],"curies":[{"name":"wp","href":"https:\/\/api.w.org\/{rel}","templated":true}]}}